{"id":16,"date":"2024-10-29T17:10:54","date_gmt":"2024-10-29T17:10:54","guid":{"rendered":"https:\/\/hume.ufm.edu\/conversatorios\/?page_id=16"},"modified":"2026-03-16T12:14:22","modified_gmt":"2026-03-16T18:14:22","slug":"home","status":"publish","type":"page","link":"https:\/\/hume.ufm.edu\/conversatorios\/","title":{"rendered":"Conversatorios con Ideas Disruptivas"},"content":{"rendered":"\n<h2>\n\t\tConversatorios con Ideas Disruptivas\n\t<\/h2>\n\t<p>El Centro de \u00c9tica David Hume (CEDH), de la Universidad Francisco Marroqu\u00edn, se complace en anunciar una serie de conversatorios-almuerzos, para explorar sobre autores y conceptos que desaf\u00edan las concepciones tradicionales y abren nuevos horizontes al pensamiento. En tales encuentros se ofrece un espacio a la reflexi\u00f3n cr\u00edtica y al di\u00e1logo interdisciplinario, orientados a cuestionar las premisas establecidas y a enriquecer nuestro entendimiento \u00e9tico y filos\u00f3fico.<\/p>\n<p>En la Universidad Francisco Marroqu\u00edn y el CEDH reconocemos que la complejidad del mundo actual exige individuos con mentes abiertas, comprometidos con la libertad y la responsabilidad, capaces de desarrollar sus propios criterios \u00e9ticos y contribuir al progreso integral de una sociedad libre y pr\u00f3spera.<\/p>\n<p>Con tal esp\u00edritu, invitamos a la comunidad acad\u00e9mica a participar en los <b>Conversatorios con Ideas Disruptivas<\/b>, que se celebrar\u00e1n los martes.\u00a0<\/p>\n<p>No se requiere una lectura exhaustiva de los textos, pero s\u00ed un inter\u00e9s genuino por el debate intelectual y la disposici\u00f3n a cuestionar paradigmas establecidos. Se pretende que tales encuentros constituyan un espacio enriquecedor para la discusi\u00f3n acad\u00e9mica, donde las ideas se contrasten, se afinen y se ampl\u00eden.<\/p>\n<p>\u00a1Los esperamos!<\/p>\n<h2>\n\t\tEventos\n\t<\/h2>\n\n","protected":false},"excerpt":{"rendered":"<p>Conversatorios con Ideas Disruptivas El Centro de \u00c9tica David Hume (CEDH), de la Universidad Francisco Marroqu\u00edn, se complace en anunciar una serie de conversatorios-almuerzos, para explorar sobre autores y conceptos que desaf\u00edan las concepciones tradicionales y abren nuevos horizontes al pensamiento. En tales encuentros se ofrece un espacio a la reflexi\u00f3n cr\u00edtica y al di\u00e1logo&hellip;<\/p>\n","protected":false},"author":1,"featured_media":0,"parent":0,"menu_order":0,"comment_status":"closed","ping_status":"closed","template":"","meta":{"footnotes":""},"class_list":["post-16","page","type-page","status-publish","hentry"],"yoast_head":"<!-- This site is optimized with the Yoast SEO plugin v23.7 - https:\/\/yoast.com\/wordpress\/plugins\/seo\/ -->\n<title>Conversatorios con Ideas Disruptivas - Centro de \u00c9tica David Hume<\/title>\n<meta name=\"robots\" content=\"index, follow, max-snippet:-1, max-image-preview:large, max-video-preview:-1\" \/>\n<link rel=\"canonical\" href=\"https:\/\/hume.ufm.edu\/conversatorios\/\" \/>\n<meta property=\"og:locale\" content=\"es_ES\" \/>\n<meta property=\"og:type\" content=\"article\" \/>\n<meta property=\"og:title\" content=\"Conversatorios con Ideas Disruptivas - Centro de \u00c9tica David Hume\" \/>\n<meta property=\"og:description\" content=\"Conversatorios con Ideas Disruptivas El Centro de \u00c9tica David Hume (CEDH), de la Universidad Francisco Marroqu\u00edn, se complace en anunciar una serie de conversatorios-almuerzos, para explorar sobre autores y conceptos que desaf\u00edan las concepciones tradicionales y abren nuevos horizontes al pensamiento. En tales encuentros se ofrece un espacio a la reflexi\u00f3n cr\u00edtica y al di\u00e1logo&hellip;\" \/>\n<meta property=\"og:url\" content=\"https:\/\/hume.ufm.edu\/conversatorios\/\" \/>\n<meta property=\"og:site_name\" content=\"Centro de \u00c9tica David Hume\" \/>\n<meta property=\"article:modified_time\" content=\"2026-03-16T18:14:22+00:00\" \/>\n<meta property=\"og:image\" content=\"https:\/\/hume.ufm.edu\/conversatorios\/wp-content\/uploads\/2024\/10\/0_02-Negro-Centro-de-Etica-David-Hume_1200_675.png\" \/>\n\t<meta property=\"og:image:width\" content=\"1200\" \/>\n\t<meta property=\"og:image:height\" content=\"675\" \/>\n\t<meta property=\"og:image:type\" content=\"image\/png\" \/>\n<meta name=\"twitter:card\" content=\"summary_large_image\" \/>\n<meta name=\"twitter:label1\" content=\"Tiempo de lectura\" \/>\n\t<meta name=\"twitter:data1\" content=\"2 minutos\" \/>\n<script type=\"application\/ld+json\" class=\"yoast-schema-graph\">{\"@context\":\"https:\/\/schema.org\",\"@graph\":[{\"@type\":\"WebPage\",\"@id\":\"https:\/\/hume.ufm.edu\/conversatorios\/\",\"url\":\"https:\/\/hume.ufm.edu\/conversatorios\/\",\"name\":\"Conversatorios con Ideas Disruptivas - Centro de \u00c9tica David Hume\",\"isPartOf\":{\"@id\":\"https:\/\/hume.ufm.edu\/conversatorios\/#website\"},\"datePublished\":\"2024-10-29T17:10:54+00:00\",\"dateModified\":\"2026-03-16T18:14:22+00:00\",\"breadcrumb\":{\"@id\":\"https:\/\/hume.ufm.edu\/conversatorios\/#breadcrumb\"},\"inLanguage\":\"es\",\"potentialAction\":[{\"@type\":\"ReadAction\",\"target\":[\"https:\/\/hume.ufm.edu\/conversatorios\/\"]}]},{\"@type\":\"BreadcrumbList\",\"@id\":\"https:\/\/hume.ufm.edu\/conversatorios\/#breadcrumb\",\"itemListElement\":[{\"@type\":\"ListItem\",\"position\":1,\"name\":\"Portada\",\"item\":\"https:\/\/hume.ufm.edu\/conversatorios\/\"},{\"@type\":\"ListItem\",\"position\":2,\"name\":\"Conversatorios con Ideas Disruptivas\"}]},{\"@type\":\"WebSite\",\"@id\":\"https:\/\/hume.ufm.edu\/conversatorios\/#website\",\"url\":\"https:\/\/hume.ufm.edu\/conversatorios\/\",\"name\":\"Centro de \u00c9tica David Hume\",\"description\":\"Universidad Francisco Marroqu\u00edn\",\"potentialAction\":[{\"@type\":\"SearchAction\",\"target\":{\"@type\":\"EntryPoint\",\"urlTemplate\":\"https:\/\/hume.ufm.edu\/conversatorios\/?s={search_term_string}\"},\"query-input\":{\"@type\":\"PropertyValueSpecification\",\"valueRequired\":true,\"valueName\":\"search_term_string\"}}],\"inLanguage\":\"es\"}]}<\/script>\n<!-- \/ Yoast SEO plugin. -->","yoast_head_json":{"title":"Conversatorios con Ideas Disruptivas - Centro de \u00c9tica David Hume","robots":{"index":"index","follow":"follow","max-snippet":"max-snippet:-1","max-image-preview":"max-image-preview:large","max-video-preview":"max-video-preview:-1"},"canonical":"https:\/\/hume.ufm.edu\/conversatorios\/","og_locale":"es_ES","og_type":"article","og_title":"Conversatorios con Ideas Disruptivas - Centro de \u00c9tica David Hume","og_description":"Conversatorios con Ideas Disruptivas El Centro de \u00c9tica David Hume (CEDH), de la Universidad Francisco Marroqu\u00edn, se complace en anunciar una serie de conversatorios-almuerzos, para explorar sobre autores y conceptos que desaf\u00edan las concepciones tradicionales y abren nuevos horizontes al pensamiento. En tales encuentros se ofrece un espacio a la reflexi\u00f3n cr\u00edtica y al di\u00e1logo&hellip;","og_url":"https:\/\/hume.ufm.edu\/conversatorios\/","og_site_name":"Centro de \u00c9tica David Hume","article_modified_time":"2026-03-16T18:14:22+00:00","og_image":[{"width":1200,"height":675,"url":"https:\/\/hume.ufm.edu\/conversatorios\/wp-content\/uploads\/2024\/10\/0_02-Negro-Centro-de-Etica-David-Hume_1200_675.png","type":"image\/png"}],"twitter_card":"summary_large_image","twitter_misc":{"Tiempo de lectura":"2 minutos"},"schema":{"@context":"https:\/\/schema.org","@graph":[{"@type":"WebPage","@id":"https:\/\/hume.ufm.edu\/conversatorios\/","url":"https:\/\/hume.ufm.edu\/conversatorios\/","name":"Conversatorios con Ideas Disruptivas - Centro de \u00c9tica David Hume","isPartOf":{"@id":"https:\/\/hume.ufm.edu\/conversatorios\/#website"},"datePublished":"2024-10-29T17:10:54+00:00","dateModified":"2026-03-16T18:14:22+00:00","breadcrumb":{"@id":"https:\/\/hume.ufm.edu\/conversatorios\/#breadcrumb"},"inLanguage":"es","potentialAction":[{"@type":"ReadAction","target":["https:\/\/hume.ufm.edu\/conversatorios\/"]}]},{"@type":"BreadcrumbList","@id":"https:\/\/hume.ufm.edu\/conversatorios\/#breadcrumb","itemListElement":[{"@type":"ListItem","position":1,"name":"Portada","item":"https:\/\/hume.ufm.edu\/conversatorios\/"},{"@type":"ListItem","position":2,"name":"Conversatorios con Ideas Disruptivas"}]},{"@type":"WebSite","@id":"https:\/\/hume.ufm.edu\/conversatorios\/#website","url":"https:\/\/hume.ufm.edu\/conversatorios\/","name":"Centro de \u00c9tica David Hume","description":"Universidad Francisco Marroqu\u00edn","potentialAction":[{"@type":"SearchAction","target":{"@type":"EntryPoint","urlTemplate":"https:\/\/hume.ufm.edu\/conversatorios\/?s={search_term_string}"},"query-input":{"@type":"PropertyValueSpecification","valueRequired":true,"valueName":"search_term_string"}}],"inLanguage":"es"}]}},"meta_box":[],"_links":{"self":[{"href":"https:\/\/hume.ufm.edu\/conversatorios\/wp-json\/wp\/v2\/pages\/16","targetHints":{"allow":["GET"]}}],"collection":[{"href":"https:\/\/hume.ufm.edu\/conversatorios\/wp-json\/wp\/v2\/pages"}],"about":[{"href":"https:\/\/hume.ufm.edu\/conversatorios\/wp-json\/wp\/v2\/types\/page"}],"author":[{"embeddable":true,"href":"https:\/\/hume.ufm.edu\/conversatorios\/wp-json\/wp\/v2\/users\/1"}],"replies":[{"embeddable":true,"href":"https:\/\/hume.ufm.edu\/conversatorios\/wp-json\/wp\/v2\/comments?post=16"}],"version-history":[{"count":43,"href":"https:\/\/hume.ufm.edu\/conversatorios\/wp-json\/wp\/v2\/pages\/16\/revisions"}],"predecessor-version":[{"id":224,"href":"https:\/\/hume.ufm.edu\/conversatorios\/wp-json\/wp\/v2\/pages\/16\/revisions\/224"}],"wp:attachment":[{"href":"https:\/\/hume.ufm.edu\/conversatorios\/wp-json\/wp\/v2\/media?parent=16"}],"curies":[{"name":"wp","href":"https:\/\/api.w.org\/{rel}","templated":true}]}}